{"id":1932,"date":"2012-09-24T06:30:01","date_gmt":"2012-09-24T05:30:01","guid":{"rendered":"http:\/\/jpgarcia.webs.upv.es\/?page_id=1932"},"modified":"2021-02-16T11:20:10","modified_gmt":"2021-02-16T10:20:10","slug":"short-bio","status":"publish","type":"page","link":"https:\/\/jpgarcia.webs.upv.es\/?page_id=1932","title":{"rendered":"Short Bio"},"content":{"rendered":"<p><strong><a href=\"https:\/\/jpgarcia.webs.upv.es\/wp-content\/uploads\/2012\/09\/foto-JPGS.gif\"><img loading=\"lazy\" decoding=\"async\" class=\"alignleft size-thumbnail wp-image-1933\" title=\"foto JPGS\" src=\"https:\/\/jpgarcia.webs.upv.es\/wp-content\/uploads\/2012\/09\/foto-JPGS-150x150.gif\" alt=\"\" width=\"150\" height=\"150\" srcset=\"https:\/\/jpgarcia.webs.upv.es\/wp-content\/uploads\/2012\/09\/foto-JPGS-150x150.gif 150w, https:\/\/jpgarcia.webs.upv.es\/wp-content\/uploads\/2012\/09\/foto-JPGS-300x297.gif 300w, https:\/\/jpgarcia.webs.upv.es\/wp-content\/uploads\/2012\/09\/foto-JPGS.gif 407w\" sizes=\"auto, (max-width: 150px) 100vw, 150px\" \/><\/a>Jos\u00e9 P. Garcia-Sabater<\/strong> is Full Professor of Operations Management in the Departamento de Organizaci\u00f3n de Empresas at the Universidad Polit\u00e9cnica de Valencia. He received his Ingeniero Industrial Degree and his PhD from the University Polit\u00e9cnica de Valencia (Spain). He also received a Combined Eng Degree from Coventry University (UK).<\/p>\n<p>Professor Garcia-Sabater is currently the Head of the Department of Business Management at the UPV. He is also member of the Governing Board\u00a0of the University.<\/p>\n<p>Professor Garcia-Sabater&#8217;s research and teaching interests are in the areas of supply chain management, operations management, and management science. He is member of the Scientific Committee of congresses and Editorial Boards. His work has appeared in journals such as European Journal of Operational Research, International Journal of Production Economics, Fuzzy Sets and Systems, Discrete Applied Mathematics, Production Planning and Control, Journal of Industrial and Engineering Management, Flexible Service and Manufacturing Journal and others.<\/p>\n<p>Prof. Garcia-Sabater&#8217;s research has focused on empirical studies of operations management in several key industries mainly at the Automotive Industry. These studies have examined mainly Production Planning and Inventory Coordination, but he has also developed in other areas like Assembly Line Balancing for handicapped people. His algorithms are running the assembly line sequencing process at Ford Espa\u00f1a Assembly Line, and many other SME enterprises are using software and algorithms that has been developed by himself. He also leads the Research Team ROGLE focused on the links Operations Management.<\/p>\n<p>Prof Garcia-Sabater actively leads projects with industrial companies mainly ate the automotive sector and the food industry. He has led (and leads) a number of regional and national funded projects, and has partipated (and participates) in European Funded Projects.<\/p>\n<p>Prof. Garcia-Sabater is founder \u00a0of an action research group named ROGLE focused on transfer of High Performance Manufacturing techniques to SME. Prof. Garcia Sabater main expertise is on the \u201chard techniques\u201d and some of his colleagues have the expertise mainly on the \u201csoft techniques\u201d related with people.<\/p>\n<p>Some Recent Publications are (<a href=\"https:\/\/jpgarcia.webs.upv.es\/?page_id=890\">updated list here<\/a>)<\/p>\n<div>\n<p>Garcia-Sabater, Jose P.; Maheut, J.; Ruiz, A.;Garcia Sabater, Julio J. A Framework for Capacity and Operations Planning in Services Organizations Employing Workers with Intellectual Disabilities <em>Sustainability<\/em>\u00a0<b>2020<\/b>,\u00a0<em>12<\/em>(22), 9713;\u00a0<a href=\"https:\/\/doi.org\/10.3390\/su12229713\">https:\/\/doi.org\/10.3390\/su12229713<\/a> (2020)<\/p>\n<p>Marin-Garcia, Juan A.; Garcia-Sabater, Jose P.; Ruiz, A.; Maheut, J.; Garcia Sabater, Julio J.\u00a0<a href=\"https:\/\/www.jiem.org\/index.php\/jiem\/article\/view\/3190\">Operations Management at the service of health care management: Example of a proposal for action research to plan and schedule health resources in scenarios derived from the COVID-19 outbreak\u00a0<\/a> Journal of Industrial Engineering and Management Vol 13-2 (2020)<\/p>\n<p>Saez-Mas, Aida Garcia-Sabater, Jose P.\u00a0 Garcia-Sabater, Julio J. , Ruiz A.\u00a0 <span class=\"title-text\"><a href=\"https:\/\/www.sciencedirect.com\/science\/article\/pii\/S036083522030156X?dgcid=author\">Redesigning the in-plant supply logistics: A case study <\/a><\/span>Computers and Industrial Engineering (2020) <a href=\"https:\/\/doi.org\/10.1016\/j.cie.2020.106422\">https:\/\/doi.org\/10.1016\/j.cie.2020.106422<\/a><\/p>\n<p>Rius-Sorolla, G., Maheut, J., Coronado-Hern\u00e1ndez, J., Garcia-Sabater, Jose P. <a href=\"https:\/\/link.springer.com\/epdf\/10.1007\/s10100-018-0593-0?author_access_token=F3eK53mfn9yZSmAmFUcyC_e4RwlQNchNByi7wbcMAY6LvVL2niMwxn3iznPNhnlXSf20DlQA0F2yagyF2HLSR8QdCCU_kTM6kI-pZTVMhHeFB_4C5ZTpeux4SNQZx-WjY8n__10uTwIpUOvG-IvL6Q%3D%3D\"><span class=\"current-selection\">Lagrangian<\/span> <span class=\"current-selection\">relaxation<\/span> <span class=\"current-selection\">of<\/span> <span class=\"current-selection\">the<\/span> <span class=\"current-selection\">generic<\/span> <span class=\"current-selection\">materials <\/span><span class=\"current-selection\">and<\/span> <span class=\"current-selection\">operations<\/span> <span class=\"current-selection\">planning<\/span> <\/a><span class=\"current-selection\">model, Central European Journal of Operations Research, Vol 28(1), 61-104, 2020\u00a0 <a href=\"http:\/\/link.springer.com\/article\/10.1007\/s10100-018-0594-z\">https:\/\/doi.org\/10.1007\/s10100-018-0594-z<\/a><\/span><\/p>\n<p>Saez-Mas, Aida Garcia-Sabater, Julio J. Garcia-Sabater, Jose P. Maheut J. , <a href=\"https:\/\/link.springer.com\/epdf\/10.1007\/s10100-018-0548-5?author_access_token=H8n4jVXey2T4IRL-4vO54ve4RwlQNchNByi7wbcMAY5tIB-J8p_o9kzqKrpv54Q377oSmvR-na1wnDygsWqRhTH9OQ9IejmMHV-JRflx40_jsvuSAzGeXNohAjULyiDCgU2FAyuVgm_1GBOfkB8lGQ%3D%3D\">Hybrid approach of discrete event simulation integrated with location search algorithm in a cells assignment problem: a case study<\/a>, Central European Journal of Operations Research, 28(1), 125-142, 2020 https:\/\/doi.org\/10.1007\/s10100-018-0548-5<\/p>\n<p>Rius-Sorolla, G., Maheut, J., Estell\u00e9s-Miguel, S. Garcia-Sabater Jose P. <a href=\"https:\/\/link.springer.com\/article\/10.1007\/s10100-018-0594-z#citeas\">Coordination mechanisms with mathematical programming models for decentralized decision-making: a literature review<\/a> <i>Central European Journal Operations Research<\/i>\u00a0<b>28,\u00a0<\/b>61\u2013104 (2020).<\/p>\n<p>Willoughby M.; Millet-Roig, J.; Garcia-Sabater, J. P.; Saez-Mas, A.; <a href=\"https:\/\/policypress.universitypressscholarship.com\/view\/10.1332\/policypress\/9781447347828.001.0001\/upso-9781447347828-chapter-011\">Social Investment and the causes of energy poverty: Are cooperatives a solution?<\/a> in Implementing Innovative Social Investment: Strategig Lessons from Europe <a class=\"nova-e-link nova-e-link--color-inherit nova-e-link--theme-decorated\" href=\"https:\/\/www.researchgate.net\/deref\/http%3A%2F%2Fdx.doi.org%2F10.1332%2Fpolicypress%2F9781447347828.003.0011?_sg%5B0%5D=roFaFS6zIzOrLJmQPGBG81Gk9-h-1bAPBUaR-1vIWseaeJ6TtLNCoG7sbcr1Zk_1FGWNjFnrRmtjrN3dEgeqg5E-xQ.3XDSEMBTsbqxNp-PvysAgPCtYzdL3hzOJhibWStMsH3iuNP5b8UT5DQpvq6N4-Nk2bDu2l5Jhi4oFJp31ujOfg\">10.1332\/policypress\/9781447347828.003.0011<\/a>(2019)<\/p>\n<p>Saez-Mas, A.; Garcia-Sabater, J. P.\u00a0 Morant-Llorca, J.,<a href=\"http:\/\/www.ijsimm.com\/Full_Papers\/Fulltext2018\/text17-1_30-41.pdf\">Using 4-Layer Architecture to Simulate Product and Information Flows in Manufacturing Systems, International Journal of Simulation Modelling<\/a>, Vol 17-1 (30-41) 2018<\/p>\n<p>Vidal-Carreras, Pilar I. Garcia-Sabater, Jose P., \u00a0Garcia-Sabater,\u00a0Julio J. ,<a href=\"http:\/\/dx.doi.org\/10.1080\/00207543.2016.1198056\">A practical model for managing inventories with unknown costs and a budget constraint<\/a>, International Journal of Production Research,\u00a0 2016<\/p>\n<div>L Gumaelius et al.\u00a0<a href=\"https:\/\/scholar.google.es\/scholar?oi=bibs&amp;cluster=14278806903453803018&amp;btnI=1&amp;hl=es\">Outreach initiatives operated by universities for increasing interest in science and technology<\/a>\u00a0European Journal of Engineering Education, 2016<\/div>\n<div><\/div>\n<div>Cortes-Fibla, R. Vidal-Carreras, PI, Garc\u00eda-Sabater, JP\u00a0<a href=\"https:\/\/scholar.google.es\/scholar?oi=bibs&amp;cluster=6545141870555489136&amp;btnI=1&amp;hl=es\">Considering the effect of demand diversity on the performance of different production strategies for the Economic Lot Scheduling Problem<\/a>\u00a0&#8211; Engineering and Systems Management 2015<\/div>\n<p>Maheut J. ,\u00a0Jose P. Garcia-Sabater,\u00a0Julio J. Garcia-Sabater\u00a0and\u00a0Juan A. Marin Garcia,<a href=\"http:\/\/link.springer.com\/chapter\/10.1007\/978-1-4471-5349-8_29\">Coordination\u00a0mechanism for MILP models to plan operations\u00a0within\u00a0advanced\u00a0planning\u00a0and\u00a0scheduling<\/a>,\u00a0Annals of Industrial Engineering\u201d, \u201cIndustrial Engineering overcoming the crisis\u201d \u00a02014,\u00a0pp 245-253<\/p>\n<p>Vidal Carreras, Pilar I. Garcia-Sabater, Jose P., Valero Herrero, M. , Santandreu Mascarell, Cristina.\u00a0<a href=\"http:\/\/link.springer.com\/chapter\/10.1007%2F978-3-319-04705-8_20#page-1\">Estimating Costs in the EOQ formula<\/a>,\u00a0Managing Complexity. pp175-184. Springer, 2014<\/p>\n<p>Julien Maheut, Juan Manuel Besga, Jone Uribetxebarria &amp; Jose P. Garcia-Sabater <a href=\"http:\/\/www.tandfonline.com\/doi\/abs\/10.1080\/09537287.2013.798087\">A decision support system for modelling and implementing the supply network configuration and operations scheduling problem in the machine tool industry<\/a>\u00a0Production\u00a0Planning &amp; Control, 2014 Volume 25, Issue 8, pp 679-\u00a0697<\/p>\n<p>Maheut J., \u00a0Garcia-Sabater, Jose P. (2013)\u00a0<a href=\"http:\/\/link.springer.com\/chapter\/10.1007%2F978-3-642-40361-3_73#page-1\">A Mixed-Integer Linear Programming Model for Transportation Planning in the Full Truck Load Strategy to Supply Products with Unbalanced Demand in the Just in Time Context: A Case Study<\/a> <a href=\"http:\/\/link.springer.com\/book\/10.1007\/978-3-642-40361-3\">Advances in Production Management Systems. Competitive Manufacturing for Innovative Products and Services<\/a> <a href=\"http:\/\/link.springer.com\/bookseries\/6102\">IFIP Advances in Information and Communication Technology<\/a> Volume 398, 2013, pp 576-583<\/p>\n<p>Maheut J., \u00a0Garcia-Sabater, Jose P. (2013)\u00a0<a href=\"http:\/\/www.jiem.org\/index.php\/jiem\/article\/view\/550\">Algorithm for complete enumeration based on a stroke graph to solve the supply network\u00a0configuration and operations scheduling problem<\/a>,\u00a0 Journal of Industrial Engineering and Management,\u00a0Special Issue, 2013 (Vol 6; Issue 2)<\/p>\n<p>Julien Maheut, Jos\u00e9 P. Garcia Sabater (2013) <a href=\"http:\/\/link.springer.com\/chapter\/10.1007%2F978-3-642-40352-1_20#page-1\">A Parallelizable Heuristic for Solving the Generic Materials and Operations Planning in a Supply Chain Network: A Case Study from the Automotive Industry<\/a>. IFIP Advances in Information and Communication Technology. 397, pp. 151 &#8211; 157. Springer Boston, 01\/07\/2013. ISSN 1868-4238<\/p>\n<p>Maheut J. ,\u00a0Jose P. Garcia-Sabater,\u00a0Julio J. Garcia-Sabater\u00a0and\u00a0Juan A. Marin Garcia(2013), <a href=\"http:\/\/link.springer.com\/chapter\/10.1007\/978-1-4471-5349-8_29\">Coordination\u00a0mechanism for MILP models to plan operations\u00a0within\u00a0advanced\u00a0planning\u00a0and\u00a0scheduling<\/a>,\u00a0Annals of Industrial Engineering\u201d, \u201cIndustrial Engineering overcoming the crisis\u201d \u00a02014,\u00a0pp 245-253<\/p>\n<p>Garcia-Sabater, J.P.,\u00a0Maheut, J. and Marin-Garcia, J.A. \u2018<a href=\"http:\/\/www.inderscience.com\/info\/inarticle.php?artid=52572\">A new formulation technique to\u00a0model materials and operations planning: the generic materials and operations planning (GMOP) problem<\/a>\u2019, European J. Industrial Engineering (2013), Vol. 7, No. 2, pp.119\u2013147<\/p>\n<\/div>\n<div>Garcia-Sabater, Jose P., Julien Maheut, and J. J. Garcia-Sabater. &#8220;<a href=\"http:\/\/link.springer.com\/article\/10.1007%2Fs10696-011-9126-z\">A two-stage sequential planning scheme for integrated operations planning and scheduling system using MILP: the case of an engine assembler.<\/a>&#8221; Flexible Services and Manufacturing Journal\u00a0(2012), \u00a024-<a id=\"issue-range\" href=\"http:\/\/link.springer.com\/journal\/10696\/24\/2\/page\/1\">2<\/a>,\u00a0pp 171-209.<\/div>\n<div><\/div>\n<div id=\"publication-title\">Maheut, Julien , Jose P. G<span style=\"text-decoration: underline;\">arcia-Sabater,Josefa Mula, <\/span><a href=\"http:\/\/download.springer.com\/static\/pdf\/168\/chp%253A10.1007%252F978-3-642-33980-6_8.pdf?auth66=1364318196_7b039a8b0ca2a9027e90aac892c84b70&amp;ext=.pdf\"><b>The Generic Materials and Operations Planning (GMOP) Problem Solved Iteratively: A Case Study in Multi-site Context <\/b><\/a><a href=\"http:\/\/link.springer.com\/book\/10.1007\/978-3-642-33980-6\">Advances in Production Management Systems. Value Networks: Innovation, Technologies, and Management<\/a> <a href=\"http:\/\/link.springer.com\/bookseries\/6102\">IFIP Advances in Information and Communication Technology<\/a>(2012) Volume 384,\u00a02012, pp 66-73<\/div>\n<p><a href=\"http:\/\/www.sciencedirect.com\/science\/article\/pii\/S0377221711010976\">Vidal-Carreras, <\/a><a href=\"http:\/\/www.sciencedirect.com\/science\/article\/pii\/S0377221711010976\">Pilar I, <\/a><a href=\"http:\/\/www.sciencedirect.com\/science\/article\/pii\/S0377221711010976\">Garcia-Sabater, <\/a><a href=\"http:\/\/www.sciencedirect.com\/science\/article\/pii\/S0377221711010976\">Jose P., <\/a><a href=\"http:\/\/www.sciencedirect.com\/science\/article\/pii\/S0377221711010976\">Coronado-Hernandez,<\/a><a href=\"http:\/\/www.sciencedirect.com\/science\/article\/pii\/S0377221711010976\"> Jairo R.\u00a0 &#8221; <em>Economic lot scheduling with deliberated and controlled coproduction<\/em><\/a>&#8221; European Journal of Operational Research, 219-2 (2012):396-404<\/p>\n<p>Calderon-Lama, Jose. L, Jose Pedro Garcia-Sabater, and F. C. Lario. &#8220;Modelo para la planificaci\u00f3n de Operaciones en Cadenas de Suministro de Productos de Innovaci\u00f3n.&#8221; DYNA Ingenier\u00eda e Industria 84.6 (2009): 517-26.<\/p>\n<p>Coronado Hern\u00e1ndez, Jairo Rafael, Jose P. Garcia-Sabater, and Julien Maheut. &#8220;Modelo Fuzzy De Programaci\u00f3n Lineal Entera-Mixta Para El C\u00e1lculo De Stocks Objetivos&#8221;. 5th International Conference on Industrial Engineering and Industrial Management, July 9, 2011 2011.V 876-83.<\/p>\n<p>Garcia-Sabater, Jose P. and Pilar I. Vidal-Carreras. &#8220;Programaci\u00f3n de producci\u00f3n en los proveedores del autom\u00f3vil.&#8221; Revista Virtual Pro 104 (2010): 23-40.<\/p>\n<p>Garcia-Sabater, Jose Pedro, Julien Maheut, and Julio Juan Garcia-Sabater. &#8220;A Capacited Material Requierements Planning Model Considering Delivery Constraints&#8221;. 3rd International Conference on Industrial Engineering and Industrial Management 2009.V 793-803.<\/p>\n<p>Garcia-Sabater, Jose Pedro, Julien Maheut, and Julio Juan Garcia-Sabater. &#8220;A Decision Support System for Aggregate Production Planning Based on MILP: A Case Study From the Automotive Industry&#8221;. 2009.V 366-71.<\/p>\n<p>Garcia-Sabater, Jose Pedro, et al. &#8220;Batch Cyclic Scheduling With Setups in an Automovil Sector Supplier. A Case Study&#8221;. XII CLAIO Congreso Latino-Iberoamericano De Investigaci\u00f3n Operativa 2008.<\/p>\n<p>Garcia-Sabater, Julio Juan, Manuel Card\u00f3s, and Jose Pedro Garcia-Sabater. &#8220;Un Algoritmo Para La Planificaci\u00f3n De La Producci\u00f3n En Un Sistema En Red De Fabricaci\u00f3n Basado En SMA&#8221;. X Congreso De Ingenier\u00eda De Organizaci\u00f3n 2008.V 1-8.<\/p>\n<p>Lloret, Jaime, Jose Pedro Garcia-Sabater, and Juan Marin-Garcia. &#8220;Cooperative Multisite Production Re-Scheduling.&#8221; 2008. 156-63.<\/p>\n<p>Lloret, Jaime, Jose Pedro Garcia-Sabater, and Juan A. Marin-Garcia. &#8220;Cooperative Supply Chain Re-Scheduling: The Case of an Engine Supply Chain.&#8221; Cooperative Design, Visualization, and Engineering. 2009. 376-83.<\/p>\n<p>Maheut, Julien and Jose P. Garcia-Sabater. &#8220;<a href=\"http:\/\/www.revistadyo.com\/index.php\/dyo\/article\/view\/382\">La Matriz de Operaciones y Materiales y la Matriz de Operaciones y Recursos, un nuevo enfoque para resolver el problema GMOP basado en el concepto del Stroke.<\/a>&#8221; Direcci\u00f3n y Organizaci\u00f3n 45.1 (2011): 46-57.<\/p>\n<p>Maheut, Julien, et al. &#8220;El Stroke y La Matriz De Operaciones y Materiales, Nuevo Enfoque Para Resolver El Problema GMOP&#8221;. 5th International Conference on Industrial Engineering and Industrial Management, July 9, 2011 2011.V 884-93.<\/p>\n<p>Maheut, Julien, Jose P. Garcia-Sabater, and Josefa Mula. &#8220;The Generic Materials and Operations Planning (GMOP) Problem. A Formulation That Extends the Limits of Traditional MRP Modelling&#8221;. APMS 2011 Internation Conference Advances in Production Management Systems 2011.<\/p>\n<p>Maheut, Julien, Jose P. Garcia-Sabater, and Josefa Mula. &#8220;<a href=\"http:\/\/www.springerlink.com\/content\/n7j5646631502070\/\">A Supply Chain Operations Lot-Sizing and Scheduling Model With Alternative Operations.<\/a>&#8221; Industrial Engineering: Innovative Networks, 5th International Conference on Industrial Engineering and Industrial Management &#8220;CIO 2011&#8221;, Cartagena, Spain, September 2011, Proceedings. Ed. S. P Sethi, Marija Bogataj, and Lorenzo Ros-McDonnell. London: Springer-Verlag London, 2012. 309-16.<\/p>\n<p>Maheut, Julien, Jose P. Garcia-Sabater, and Maria Valero-Herrero. &#8220;MILP Model for Solving the Supply Chain Operations Scheduling Problem With Alternative Operations Considering Delay Penalization: a Case Study of a Mass Customization Company&#8221;. 41st International Conference on Computers &amp; Industrial Engineering 2011.V 289-94.<\/p>\n<p>Marin-Garcia, Juan A., Jose P. Garcia-Sabater, and LOurdes Can\u00f3s-Dar\u00f3s. &#8220;La ingenier\u00eda de organizaci\u00f3n ante el dise\u00f1o de los nuevos t\u00edtulos europeos.&#8221; Direcci\u00f3n y Organizaci\u00f3n, DYO 41 (2010): 35-43.<\/p>\n<p>Mula, Josefa, Julien Maheut, and Jose P. Garcia-Sabater. &#8220;Mathematical Modelling for Supply Chain Configuration.&#8221; Mathematical Modelling. Nova Science Publishers, Inc., 2011. 1-17.<\/p>\n<p>Mula, Josefa, Julien Maheut, and Jose P. Garcia-Sabater. &#8220;Supply Chain Network Design.&#8221; Journal of Marketing and Operations Management Research 1.2 (2012): 378-83.<\/p>\n<p>Valero-Herrero, Maria, Jose P. Garcia-Sabater, and Julien Maheut. &#8220;AN APPROACH TO THE REAL CIRCUMSTANCES OF THE CAR SEQUENCING PROBLEM&#8221;. 41st International Conference on Computers &amp; Industrial Engineering 2012.V 295-300.<\/p>\n","protected":false},"excerpt":{"rendered":"<div class=\"mh-excerpt\"><p>Jos\u00e9 P. Garcia-Sabater is Full Professor of Operations Management in the Departamento de Organizaci\u00f3n de Empresas at the Universidad Polit\u00e9cnica de Valencia. He received his <a class=\"mh-excerpt-more\" href=\"https:\/\/jpgarcia.webs.upv.es\/?page_id=1932\" title=\"Short Bio\">[&#8230;]<\/a><\/p>\n<\/div>","protected":false},"author":2,"featured_media":0,"parent":0,"menu_order":2,"comment_status":"open","ping_status":"closed","template":"","meta":{"footnotes":""},"class_list":["post-1932","page","type-page","status-publish","hentry"],"_links":{"self":[{"href":"https:\/\/jpgarcia.webs.upv.es\/index.php?rest_route=\/wp\/v2\/pages\/1932","targetHints":{"allow":["GET"]}}],"collection":[{"href":"https:\/\/jpgarcia.webs.upv.es\/index.php?rest_route=\/wp\/v2\/pages"}],"about":[{"href":"https:\/\/jpgarcia.webs.upv.es\/index.php?rest_route=\/wp\/v2\/types\/page"}],"author":[{"embeddable":true,"href":"https:\/\/jpgarcia.webs.upv.es\/index.php?rest_route=\/wp\/v2\/users\/2"}],"replies":[{"embeddable":true,"href":"https:\/\/jpgarcia.webs.upv.es\/index.php?rest_route=%2Fwp%2Fv2%2Fcomments&post=1932"}],"version-history":[{"count":11,"href":"https:\/\/jpgarcia.webs.upv.es\/index.php?rest_route=\/wp\/v2\/pages\/1932\/revisions"}],"predecessor-version":[{"id":3398,"href":"https:\/\/jpgarcia.webs.upv.es\/index.php?rest_route=\/wp\/v2\/pages\/1932\/revisions\/3398"}],"wp:attachment":[{"href":"https:\/\/jpgarcia.webs.upv.es\/index.php?rest_route=%2Fwp%2Fv2%2Fmedia&parent=1932"}],"curies":[{"name":"wp","href":"https:\/\/api.w.org\/{rel}","templated":true}]}}