{"id":2914,"date":"2015-10-05T10:52:18","date_gmt":"2015-10-05T09:52:18","guid":{"rendered":"http:\/\/jpgarcia.webs.upv.es\/?page_id=2914"},"modified":"2015-10-05T10:55:01","modified_gmt":"2015-10-05T09:55:01","slug":"ampliacion-de-direccion-de-operaciones","status":"publish","type":"page","link":"https:\/\/jpgarcia.webs.upv.es\/?page_id=2914","title":{"rendered":"Ampliaci\u00f3n de Direcci\u00f3n de Operaciones"},"content":{"rendered":"<p>Esta es una asignatura\u00a0de segundo curso del M\u00e1ster de Ingenier\u00eda Industrial\u00a0que pretendo sea eminentemente pr\u00e1ctica.\u00a0Adem\u00e1s entendemos que tiene que estar muy coordinada con Direcci\u00f3n de Operaciones, Lean Manufacturing y M\u00e9todos Cuantitativos.<\/p>\n<p>La idea fundamental es que el alumno aprenda a usar las herramientas que les permitan reconocer y dar a conocer las situaciones espec\u00edficas,\u00a0utilizar\u00a0herramientas que les ayuden a identicar la causa raiz, proponer acciones de mejora planific\u00e1ndolas convenientemente y (en menor medida) ejecutarlas.<\/p>\n<p>La documentaci\u00f3n oficial de la asignatura se puede encontrar <strong><a href=\"http:\/\/www.upv.es\/pls\/oalu\/sic_asi.Busca_Asi?p_codi=33744&amp;p_caca=2015&amp;P_IDIOMA=c&amp;p_vista=\">aqu\u00ed.<\/a><\/strong><\/p>\n<p>La estructura del curso incluye temas ligados a producto y unidad de carga, log\u00edstica y almacenes, flujo y layout, proveedores y redes de distribuci\u00f3&#8230;<\/p>\n<p>El enfoque del curso es eminentemente pr\u00e1ctico, pero si perder de vista el rigor en el an\u00e1lisis de problema y la selecci\u00f3n\u00a0de alternativas.<\/p>\n<p>Los alumnos, como parte del proceso de ense\u00f1anza aprendizaje, est\u00e1n construyendo una <a href=\"http:\/\/www.doe.upv.es\/wiki\/index.php\/P%C3%A1gina_principal\">wiki<\/a> que es p\u00fablico, y que permitir\u00e1 compartir y acumular el resultado del trabajo individual.<\/p>\n<p>&nbsp;<\/p>\n<p>&nbsp;<\/p>\n","protected":false},"excerpt":{"rendered":"<div class=\"mh-excerpt\"><p>Esta es una asignatura\u00a0de segundo curso del M\u00e1ster de Ingenier\u00eda Industrial\u00a0que pretendo sea eminentemente pr\u00e1ctica.\u00a0Adem\u00e1s entendemos que tiene que estar muy coordinada con Direcci\u00f3n de <a class=\"mh-excerpt-more\" href=\"https:\/\/jpgarcia.webs.upv.es\/?page_id=2914\" title=\"Ampliaci\u00f3n de Direcci\u00f3n de Operaciones\">[&#8230;]<\/a><\/p>\n<\/div>","protected":false},"author":25,"featured_media":0,"parent":9,"menu_order":0,"comment_status":"closed","ping_status":"closed","template":"","meta":{"footnotes":""},"class_list":["post-2914","page","type-page","status-publish","hentry"],"_links":{"self":[{"href":"https:\/\/jpgarcia.webs.upv.es\/index.php?rest_route=\/wp\/v2\/pages\/2914","targetHints":{"allow":["GET"]}}],"collection":[{"href":"https:\/\/jpgarcia.webs.upv.es\/index.php?rest_route=\/wp\/v2\/pages"}],"about":[{"href":"https:\/\/jpgarcia.webs.upv.es\/index.php?rest_route=\/wp\/v2\/types\/page"}],"author":[{"embeddable":true,"href":"https:\/\/jpgarcia.webs.upv.es\/index.php?rest_route=\/wp\/v2\/users\/25"}],"replies":[{"embeddable":true,"href":"https:\/\/jpgarcia.webs.upv.es\/index.php?rest_route=%2Fwp%2Fv2%2Fcomments&post=2914"}],"version-history":[{"count":3,"href":"https:\/\/jpgarcia.webs.upv.es\/index.php?rest_route=\/wp\/v2\/pages\/2914\/revisions"}],"predecessor-version":[{"id":2918,"href":"https:\/\/jpgarcia.webs.upv.es\/index.php?rest_route=\/wp\/v2\/pages\/2914\/revisions\/2918"}],"up":[{"embeddable":true,"href":"https:\/\/jpgarcia.webs.upv.es\/index.php?rest_route=\/wp\/v2\/pages\/9"}],"wp:attachment":[{"href":"https:\/\/jpgarcia.webs.upv.es\/index.php?rest_route=%2Fwp%2Fv2%2Fmedia&parent=2914"}],"curies":[{"name":"wp","href":"https:\/\/api.w.org\/{rel}","templated":true}]}}