{"id":34,"date":"2011-01-11T18:40:45","date_gmt":"2011-01-11T17:40:45","guid":{"rendered":"http:\/\/jpgarcia.webs.upv.es\/?page_id=34"},"modified":"2023-10-23T06:21:55","modified_gmt":"2023-10-23T05:21:55","slug":"como-estructurar-un-proyecto-fin-de-carrera","status":"publish","type":"page","link":"https:\/\/jpgarcia.webs.upv.es\/?page_id=34","title":{"rendered":"Como estructurar y escribir una Tesina Fin de M\u00e1ster TFM o Trabajo Fin de Grado TFG."},"content":{"rendered":"<p>Esta p\u00e1gina (y los documentos que cuelgan de ella) son un intento de hacerte ahorrar tiempo en la redacci\u00f3n de tu TFG\/TFM si vas a hacerlo en la rama de ingenier\u00eda industrial. Quiero que obtengas la m\u00e1xima nota posible con el m\u00ednimo esfuerzo y que aprendas algo que te sea \u00fatil en la vida &#8220;post-estudios&#8221;. Lo que viene a continuaci\u00f3n es un documento largo. Te llevar\u00e1 15 minutos leerlo, pero te ahorrar\u00e1 decenas de horas.<\/p>\n<p>La estructura de este documento es la siguiente:<\/p>\n<p><span style=\"color: #008000;\">Un trabajo fin de grado(TFG) o una tesina fin de m\u00e1ster (TFM) es un <strong>documento (1) acad\u00e9mico (2)<strong>\u00a0<\/strong>que se <strong>escribe<\/strong> con <strong>procesador de textos(3)\u00a0con un contenido(4) no muy\u00a0relevante, porque es la estructura (5) y la forma (6) <\/strong><\/strong>la que definir\u00e1 la nota&#8230;<\/span><\/p>\n<p>Pero, antes de ponernos en materia, te propongo que leas un poco de rollo ( para que sufras lo que yo he de sufrir).<\/p>\n<p><strong>Rollo introductorio<\/strong><\/p>\n<p>En las \u00faltimas d\u00e9cadas, el avance imparable de las m\u00faltiples tecnolog\u00edas, la debocada globalizaci\u00f3n de\u00a0 la educaci\u00f3n, la pejiguer\u00edas de los incontables profesores de universidad y la cada vez menor tendencia del alumnado a leer documentos escritos en texto han desembocado en una cantidad inconmensurable de documentos y horas escritos sin un hilo conductor que hacen aborrecible la escritura para el alumno y m\u00e1s penosa a\u00fan\u00a0 la correcci\u00f3n para el profesor (F\u00edjate c\u00f3mo te he hecho perder el tiempo escribiendo una frase enorme llena de adverbios y sin nada coherente).<\/p>\n<p>Cree el escritor no experimentado que lo que m\u00e1s influye en la evaluaci\u00f3n de un trabajo acad\u00e9mico es el contenido.\u00a0 Ning\u00fan evaluador intentar\u00e1 encontrar contenido en un material sin un aspecto formal aceptable.<\/p>\n<p>Creen los alumnos que escuchan a otros alumnos que lo importante en la evaluaci\u00f3n de un trabajo es el n\u00famero de p\u00e1ginas que imprimes o incluso el profesor que lo dirige (algo de verdad hay, pero no tanto como tend\u00e9is a creer).<\/p>\n<p>Porque\u00a0<strong>es la estructura y la forma del documento<\/strong> lo que realmente define la nota que obtendr\u00e1s.<\/p>\n<p>Para\u00a0identificar \u00a0bajo una mala presentaci\u00f3n un buen contenido hace falta gente muy preparada dedic\u00e1ndole mucho tiempo a un \u00fanico trabajo.<\/p>\n<p>Por el contrario, una buena presentaci\u00f3n con una buena estructura exigir\u00eda del tribunal la lectura con detalle del documento para no poner una nota suficientemente alta.<\/p>\n<p>As\u00ed, que <strong>lo normal es que una mala forma o una mala estructura acabe en una mala nota<\/strong>, independientemente del contenido objetivo (sinceramente: la mayor parte de las veces no se puede encontrar dicho contenido objetivo). Y una buena forma con una buena estructura acaba en una nota superior a lo que el contenido permite.<\/p>\n<p>Las recomendaciones de este texto, valen para muchos contenidos, seg\u00fan me dicen \u00a0algunos de los que dicen haberlas seguido, pero est\u00e1n hechas para trabajos de protoingenieros (PFCs, TFMs, TFGs) en el \u00e1mbito de la ingenier\u00eda industrial.<\/p>\n<p>Las reflexiones que hago son el resultado de haber dirigido m\u00e1s de dos centenares de trabajos. Aunque asumo que son reflexiones que no te interesan. T\u00fa eres un ingeniero, y para t\u00ed lo importante es el contenido. Pero ahora ponte en el lugar del evaluador: \u00a1\u00a1 imag\u00ednate tener que revisar y corregir centenares de p\u00e1ginas de decenas de trabajos iguales con reflexiones de similar relevancia!!.<\/p>\n<p>Pero es que no s\u00f3lo es el fondo, el alumno que se esfuerza en desarrollar una forma, acaba viendo como el contenido emerge y se hace m\u00e1s evidente:<\/p>\n<p>El resto de esta web se estructura como sigue primero una aclaraci\u00f3n sobre el concepto de TFM\/TFG que servir\u00e1 para dar estructura al texto. Luego y por este orden se har\u00e1 referencia al concepto de documento, academia, uso del procesador de textos, contenido, estructura, forma. El documento est\u00e1 lleno de v\u00ednculos a los que hay que acceder.<\/p>\n<p><b>0. Definici\u00f3n de TFM<\/b><\/p>\n<p><span style=\"font-family: 'Times New Roman'; font-size: large;\">Un TFG, TFM es un <\/span><strong style=\"font-family: 'Times New Roman'; font-size: large;\">documento (1) acad\u00e9mico (2)<strong>\u00a0<\/strong>que se <strong>escribe<\/strong> con <strong>procesador de textos(3)\u00a0con un contenido(4) no muy\u00a0relevante, porque es la estructura (5) y la forma (6) <\/strong><\/strong><span style=\"font-family: 'Times New Roman'; font-size: large;\">la que definir\u00e1 la nota&#8230; Que es de lo que se trata porque el TFM es un documento acad\u00e9mico que sirve para que te pongan nota y acabes los estudios.<\/span><\/p>\n<div>\n<div><\/div>\n<div><em><strong>\u00a01. Documento <\/strong><\/em><\/div>\n<div>\n<div>Es un <strong>documento!!! No es un conjunto de slides y fotos&#8230;\u00a0<\/strong><\/div>\n<div>\n<div>\n<div>\n<div><em>Aprende a escribir. Desafortunadamente nunca te ense\u00f1aron a hacer frases con sentido, en muchos casos ni siquiera\u00a0con sujeto verbo y predicado.\u00a0<a href=\"https:\/\/jpgarcia.webs.upv.es\/?page_id=2741\" target=\"_blank\" rel=\"noopener noreferrer\">\u00a0<\/a><\/em><a href=\"https:\/\/jpgarcia.webs.upv.es\/?page_id=2741\" target=\"_blank\" rel=\"noopener noreferrer\"><strong><em>Te recomiendo \u00a0que leas esta gu\u00eda sobre c\u00f3mo escribir proyectos fin de carrera, y otros documentos t\u00e9cnicos.<\/em><\/strong><\/a><\/div>\n<\/div>\n<\/div>\n<div><\/div>\n<\/div>\n<\/div>\n<div><em><strong>2.Acad\u00e9mico<\/strong><\/em><\/div>\n<div>\n<div>\n<div>Es <strong>acad\u00e9mico:<\/strong> El cliente es la academia (ya sea la escuela, un profesor o una comisi\u00f3n).\u00a0<em>Ha de ser bueno seg\u00fan el que lo eval\u00faa, no seg\u00fan tu (siempre particular y discutible) sentido est\u00e9tico.<\/em><\/div>\n<div>\n<div>Se trata de que le demuestres a la academia\u00a0que has trabajado de acuerdo a lo que se espera de ti.<\/div>\n<div>Con orden y con-cierto.\u00a0Comprueba en tu escuela, departamento y facultad cuales son los usos y costumbres. Y no hagas lo que crees sino lo que debes. <a href=\"http:\/\/www.etsii.upv.es\/docencia\/tfg\/evaluacion-es.php\">En la ETSII de la UPV existen unas r\u00fabricas interesantes<\/a>.<\/div>\n<div>En el mundo de &#8220;copia y pega&#8221; ha dejado de ser relevante quien es la fuente (&#8220;google es el origen y el fin de todos los textos&#8221;). Pero en el mundo acad\u00e9mico es pecado mortal no citar adecuadamente. El nivel de &#8220;violencia&#8221; con el que la academia recibe documentos que no &#8220;referencian&#8221; adecuadamente es creciente. Por eso un documento debe citar convenientemente.\u00a0 Recomiendo leer este documento L\u00e9ete <a href=\"http:\/\/bibliotecas.unam.mx\/index.php\/desarrollo-de-habilidades-informativas\/como-hacer-citas-y-referencias-en-formato-apa\">http:\/\/bibliotecas.unam.mx\/index.php\/desarrollo-de-habilidades-informativas\/como-hacer-citas-y-referencias-en-formato-apa<\/a><\/div>\n<div><\/div>\n<\/div>\n<div><em><strong>3. Se escribe con procesador de textos.<\/strong><\/em><\/div>\n<div>As\u00ed que lo primero que debes aprender a hacer es\u00a0<strong>escribir con\u00a0procesador de textos<\/strong>.<\/div>\n<\/div>\n<div>\n<div><\/div>\n<div><em>Aprende a usar el MSWord. Esa herramienta que nuestro sistema educativo cree que conoces (y t\u00fa tambi\u00e9n) pero que utilizas como una m\u00e1quina de escribir sin tipex.<\/em><\/div>\n<div>MUY IMPORTANTE: Aprende a utilizar un gestor de referencias bibliogr\u00e1ficas<a href=\"https:\/\/support.office.com\/es-es\/article\/crear-una-bibliograf%C3%ADa-citas-y-referencias-17686589-4824-4940-9c69-342c289fa2a5\">. Word lleva uno incorporado<\/a> \u00a0pero si piensas hacerlo bien quiz\u00e1 te compense m\u00e1s aprender a usar<a href=\"http:\/\/mendeley.com\"> <strong>Mendeley<\/strong><\/a>. En este <a href=\"https:\/\/www.youtube.com\/watch?v=a3OYJW8j5SU\">link se explica como instalarlo\u00a0<\/a>y en este otro <a href=\"https:\/\/www.youtube.com\/watch?v=a3OYJW8j5SU\">c\u00f3mo utilizarlo con Word\u00a0<\/a><\/div>\n<div>Entre las muchas cosas que hay que aprender especialmente est\u00e1 la\u00a0<a href=\"http:\/\/www.youtube.com\/watch?v=GCe18oRsCSU\">\u00a0<strong>la vista esquema del word<\/strong><\/a>\u00a0 que te facilitar\u00e1 la vida cuando hagas el \u00edndice. Tambi\u00e9n te puede resultar muy interesante saber c\u00f3mo utilizar la <strong><a href=\"https:\/\/www.youtube.com\/watch?v=mqoUv9lr_iM\">herramienta combinar correspondencia.<\/a><\/strong><\/div>\n<div>Aqu\u00ed te adjunto otro truco que utiliza convertir tabla en texto y viceversa, junto con reemplazar de caracteres como cambio de p\u00e1rrafo (^p) o tabulador (^t). <a href=\"https:\/\/youtu.be\/d75AZy3XgAY\">https:\/\/youtu.be\/d75AZy3XgAY\u00a0<\/a><\/div>\n<div><\/div>\n<\/div>\n<\/div>\n<div><\/div>\n<div>\n<div>\n<div><strong>4. El\u00a0contenido.<\/strong><\/div>\n<div>S\u00ed tambi\u00e9n \u00a0tiene que tener un cierto contenido.<\/div>\n<div>Mi experiencia tiene mucho que ver con trabajos que documentan trabajos de ingenieros en empresas.<\/div>\n<div>Mi experiencia dice que en el momento de definir el contenido puedes estar en dos situaciones muy muy distintas: el proyecto est\u00e9 muy claro y el proyecto no est\u00e9 nada claro.<\/div>\n<div><\/div>\n<div><em>4.1 El contenido cuando el\u00a0proyecto est\u00e1 muy claro<\/em><\/div>\n<div>\u00a0Hay muchos tipos de esquemas \u00a0de PFC, TFG y TFM. Mira a ver cual te cuadra m\u00e1s antes de lanzarte a escribir.\u00a0Si tienes\u00a0algo que es\u00a0clar\u00edsimamente objeto de un PFC\/TFM\/TFG, no tendr\u00e1s mucho problemas, pero ponte a escribir desde el primer minuto. Cada d\u00eda que pierdas sin escribir una p\u00e1gina es una semana que te costar\u00e1 de m\u00e1s al acabar las pr\u00e1cticas.<\/div>\n<div><\/div>\n<div><em>4.2 El contenido cuando el\u00a0proyecto no est\u00e1 muy claro<\/em><\/div>\n<div>Esto es lo m\u00e1s habitual. Tras haber trabajado en una empresa y haber aprendido mucho, y haber sido muy interesante tu estancia quieres hacer un trabajo sobre la empresa en la que has hecho pr\u00e1cticas o en la que trabajas pero\u00a0&#8230;<\/div>\n<div>a) No has hecho nada en concreto aunque\u00a0has ayudado mucho a mejorar la empresa.<\/div>\n<div>b) Lo que has hecho no sirve para hacer un proyecto pero has tenido muchas ideas.<\/div>\n<div>c) Te han dejado caer en un sitio y te han dicho que hagas algo muy concreto aplicado a mejorar la productividad de un \u00e1rea.<\/div>\n<\/div>\n<div>Si los casos a y b son complicados para hacer un trabajo acad\u00e9mico, el peor de todos es el c.<\/div>\n<div>A efectos de desarrollar tu documento\u00a0est\u00e1s mucho peor de lo que crees. Pues crees que tienes algo pero no es verdad.\u00a0Me explico: te han mandado que hagas algo (que ejecutes y no que planifiques) en funci\u00f3n de un an\u00e1lisis preexistente (que desconoces) seg\u00fan una metodolog\u00eda predefinida, (y por tanto no has podido elegir opciones).\u00a0Lo peor es que\u00a0al ejecutarlo has aprendido mucho pero ya est\u00e1 ejecutado. Es decir no sirve como proyecto. Como mucho como memoria de implantaci\u00f3n.<\/div>\n<div>\n<div><\/div>\n<div>Mi estrategia\u00a0en estos tres casos es que hagas un proyecto, al margen de lo que te pidi\u00f3 la empresa, proponi\u00e9ndole qu\u00e9 har\u00edas t\u00fa si te contrataran. He de decir que en muchos casos \u00a0han contratado al alumno para que haga lo propuesto).<\/div>\n<div><\/div>\n<\/div>\n<\/div>\n<div><strong>5. La estructura<\/strong><\/div>\n<div>Cualquier documento de este estilo tiene cap\u00edtulos. El primero siempre es el de introducci\u00f3n (es el \u00faltimo que se escribe). El \u00faltimo es el de conclusiones (es el pen\u00faltimo que se escribe). Ambos (introducci\u00f3n y conclusi\u00f3n) nos orientan sobre\u00a0lo de &#8220;<em>en medio&#8221;<\/em> que, en general es:<\/div>\n<div>\n<ul>\n<li>Descripci\u00f3n del entorno\/empresa\/secci\u00f3n<\/li>\n<li>Resumen de la teor\u00eda que se va a utilizar en el proyecto.<\/li>\n<li>Planteamiento del Problema a resolver.<\/li>\n<li>Desarrollo de alternativas, Evaluaci\u00f3n y Selecci\u00f3n.<\/li>\n<li>Dise\u00f1o detallado (incluyendo planes de implantaci\u00f3n, planos, formaci\u00f3n, pliegos de condiciones, planes de contingencia, presupuesto&#8230;)<\/li>\n<li>Adem\u00e1s cada cap\u00edtulo tendr\u00e1 apartados.\u00a0El primero siempre es el de introducci\u00f3n (es el \u00faltimo que se escribe). El \u00faltimo es el de conclusiones (es el pen\u00faltimo que se escribe) y ambos dos hablan de lo de <em>en medio<\/em>.<\/li>\n<\/ul>\n<p>Una introducci\u00f3n nos indica qu\u00e9 pretendemos, qu\u00e9 sabemos, c\u00f3mo vamos a hacer lo que pretendemos y qu\u00e9 estructura tiene lo que queda de documento. Una conclusi\u00f3n indica qu\u00e9 hemos hecho, qu\u00e9 hemos aprendido y qu\u00e9 nos queda por hacer.\u00a0Lo de en medio, ya depende demasiado del contenido.<\/p>\n<p>Pongo<strong> <a href=\"https:\/\/riunet.upv.es\/bitstream\/handle\/10251\/143006\/PlantillaTFMJPGS.docx?sequence=1&amp;isAllowed=y\">en este link<\/a> <\/strong>un documento ya formateado para que te animes.<\/p>\n<\/div>\n<\/div>\n<div>\n<div>Cuando no\u00a0tienes claro qu\u00e9 es lo que vas a hacer, lo que ocurre es que tienes un mont\u00f3n de cosas que hacer\/describir. La estructura de este tipo de proyectos puede ser enfocada de dos maneras. A partir de este trabajo de\u00a0<em><a href=\"https:\/\/docs.google.com\/document\/d\/15kV7Mw9KwgpLXj_oLa2-gEXkBhwxBduEylILOUR0Bq8\/edit?usp=sharing\">b\u00fasqueda de oportunidades<\/a>\u00a0<\/em>surgen dos alternativas para redactarlas.<\/div>\n<ul>\n<li>La alternativa &#8220;bottom-up&#8221; en la que observas incidencias y propones un plan de mejoras<\/li>\n<li>La otra alternativa &#8220;top-down&#8221; en la que haces un an\u00e1lisis estrat\u00e9gico y propones un plan estrat\u00e9gico<\/li>\n<\/ul>\n<\/div>\n<div>Puede ser que tengas claro qu\u00e9 vas a escribir. Es habitual entre los ingenieros industriales que hagan<\/div>\n<ul>\n<li>Un dise\u00f1o de Sistema de Planificaci\u00f3n y Control de Operaciones (que incluya una herramienta inform\u00e1tica)<\/li>\n<li>Un dise\u00f1o de Layout (a ser posible con una simulaci\u00f3n de validaci\u00f3n)<\/li>\n<\/ul>\n<div>Miratelas, habla con tu director y decide cual es la m\u00e1s adecuada.<\/div>\n<div><\/div>\n<div><strong>6.\u00a0Recuerda que la forma es lo que te va a evaluar.<\/strong><\/div>\n<div><em>6.1 Algunas generalidades<\/em><\/div>\n<div>Mucha gente cree que la forma viene despu\u00e9s del contenido. Yo no. La mayor parte de los alumnos que no comienzan por la forma pierden miserablemente el tiempo creando documentos dispersos e in\u00fatiles que\u00a0luego han de rehacer, porque no hay manera de darles\u00a0 forma.<\/div>\n<div>\u00a06<em>.2 Cosas Generales en las que solemos fallar (y no deber\u00edamos)<\/em><\/div>\n<ul>\n<li>Que no haya un \u00edndice (o tabla de contenido).<\/li>\n<li>Que el \u00edndice no se pueda leer aut\u00f3nomamente.<\/li>\n<li>Cap\u00edtulos con mucha profundidad en el \u00edndice y otros sin profundidad.<\/li>\n<li>Cap\u00edtulos de 50 p\u00e1ginas y cap\u00edtulos de 10 p\u00e1ginas.<\/li>\n<li>Que parezca un cat\u00e1logo con fotos que parecen para decorar<\/li>\n<li>Que no haya encabezado y pi\u00e9 de p\u00e1gina<\/li>\n<li>Que no haya tablas<\/li>\n<\/ul>\n<div><em>6.3 Algunas particularidades<\/em><\/div>\n<div>Si lo que est\u00e1s haciendo es la TFM del Master IAPLCS de la UPV est\u00e1s son las <strong><a href=\"https:\/\/www.dropbox.com\/s\/56pvkw99zl4ws1u\/Normas%20estilo%20TFM%20MIALPCS.pdf\">normas de estilo oficiales<\/a><\/strong>. Aunque no est\u00e9s en el MUIALPCS te viene bien que lo hagas.<\/div>\n<div>\n<div>\u00a0Si lo que vas a hacer es la tesina fin de master asociada a MGEPS, m\u00edrate estos v\u00eddeos.<\/div>\n<\/div>\n<ul>\n<li><strong><em><a href=\"https:\/\/polimedia.upv.es\/visor\/?id=90165d9b-a7ce-b74e-8758-20e532953eba\" rel=\"nofollow\">https:\/\/polimedia.upv.es\/visor\/?id=90165d9b-a7ce-b74e-8758-20e532953eba<\/a><\/em><\/strong><\/li>\n<li><strong><em><a href=\"https:\/\/polimedia.upv.es\/visor\/?id=a060bb64-7a23-1f41-b365-b0ce7465db92\" rel=\"nofollow\">https:\/\/polimedia.upv.es\/visor\/?id=a060bb64-7a23-1f41-b365-b0ce7465db92<\/a><\/em><\/strong><\/li>\n<\/ul>\n<div><\/div>\n<ul>\n<li>\n<div><\/div>\n<div><strong>7. Ep\u00edlogo<\/strong><\/div>\n<div>Si has llegado hasta aqu\u00ed, y esto te ha resultado interesante, o ves alg\u00fan punto de mejora, te agradecer\u00e9 que me des unas palmaditas en la espalda a trav\u00e9s de mi correo electr\u00f3nico -jpgarcia[arroba] omp[point]upv[punkt]es -, indic\u00e1ndome qu\u00e9 te ha gustado y qu\u00e9 mejorar\u00edas.<\/div>\n<\/li>\n<\/ul>\n","protected":false},"excerpt":{"rendered":"<div class=\"mh-excerpt\"><p>Esta p\u00e1gina (y los documentos que cuelgan de ella) son un intento de hacerte ahorrar tiempo en la redacci\u00f3n de tu TFG\/TFM si vas a <a class=\"mh-excerpt-more\" href=\"https:\/\/jpgarcia.webs.upv.es\/?page_id=34\" title=\"Como estructurar y escribir una Tesina Fin de M\u00e1ster TFM o Trabajo Fin de Grado TFG.\">[&#8230;]<\/a><\/p>\n<\/div>","protected":false},"author":2,"featured_media":0,"parent":9,"menu_order":2,"comment_status":"open","ping_status":"closed","template":"","meta":{"footnotes":""},"class_list":["post-34","page","type-page","status-publish","hentry"],"_links":{"self":[{"href":"https:\/\/jpgarcia.webs.upv.es\/index.php?rest_route=\/wp\/v2\/pages\/34","targetHints":{"allow":["GET"]}}],"collection":[{"href":"https:\/\/jpgarcia.webs.upv.es\/index.php?rest_route=\/wp\/v2\/pages"}],"about":[{"href":"https:\/\/jpgarcia.webs.upv.es\/index.php?rest_route=\/wp\/v2\/types\/page"}],"author":[{"embeddable":true,"href":"https:\/\/jpgarcia.webs.upv.es\/index.php?rest_route=\/wp\/v2\/users\/2"}],"replies":[{"embeddable":true,"href":"https:\/\/jpgarcia.webs.upv.es\/index.php?rest_route=%2Fwp%2Fv2%2Fcomments&post=34"}],"version-history":[{"count":63,"href":"https:\/\/jpgarcia.webs.upv.es\/index.php?rest_route=\/wp\/v2\/pages\/34\/revisions"}],"predecessor-version":[{"id":3471,"href":"https:\/\/jpgarcia.webs.upv.es\/index.php?rest_route=\/wp\/v2\/pages\/34\/revisions\/3471"}],"up":[{"embeddable":true,"href":"https:\/\/jpgarcia.webs.upv.es\/index.php?rest_route=\/wp\/v2\/pages\/9"}],"wp:attachment":[{"href":"https:\/\/jpgarcia.webs.upv.es\/index.php?rest_route=%2Fwp%2Fv2%2Fmedia&parent=34"}],"curies":[{"name":"wp","href":"https:\/\/api.w.org\/{rel}","templated":true}]}}