{"id":4,"date":"2010-12-05T18:41:38","date_gmt":"2010-12-05T17:41:38","guid":{"rendered":"http:\/\/jpgarcia.webs.upv.es\/?page_id=4"},"modified":"2026-01-26T15:21:08","modified_gmt":"2026-01-26T14:21:08","slug":"presentacion","status":"publish","type":"page","link":"https:\/\/jpgarcia.webs.upv.es\/","title":{"rendered":"Presentaci\u00f3n."},"content":{"rendered":"<div>\n<div>\u00a0<\/div>\n<p><a href=\"https:\/\/jpgarcia.webs.upv.es\/wp-content\/uploads\/2021\/05\/fotoBN.jpg\"><img loading=\"lazy\" decoding=\"async\" class=\"alignleft size-thumbnail wp-image-3414\" src=\"https:\/\/jpgarcia.webs.upv.es\/wp-content\/uploads\/2021\/05\/fotoBN-150x150.jpg\" alt=\"\" width=\"150\" height=\"150\" \/><\/a>\u00a1Bienvenido!. Welcome!. Mi correo-e es jpgarcia#arroba#omp.upv.es<\/p>\n<p><em><strong>An english written short bio might be found <a href=\"https:\/\/jpgarcia.webs.upv.es\/?page_id=1932\">here<\/a> .\u00a0<\/strong><\/em><em><strong><a href=\"https:\/\/jpgarcia.webs.upv.es\/?page_id=890\">Here<\/a><\/strong><\/em>\u00a0you&#8217;ll find some recent papers and at the left column of this page teaching documents and cases.<\/p>\n<p><strong>Presentaci\u00f3n<\/strong><\/p>\n<div>Soy Doctor Ingeniero Industrial por la <a href=\"http:\/\/www.upv.es\">Universidad Polit\u00e9cnica de Valencia<\/a> desde el a\u00f1o 2000. En el 1991 obtuve (gracias a una beca Erasmus) un Honours Degree en Combined Engineering por la Coventry University.<\/div>\n<div>\u00a0<\/div>\n<div>Desde el 2010 soy Catedr\u00e1tico de Universidad en la UPV en el<a href=\"http:\/\/www.doe.upv.es\/\"> Departamento de Organizaci\u00f3n de Empres<\/a>as del que he tenido el honor de ser subdirector docente, de infraestructuras y director en diferentes etapas.<\/div>\n<div>Desde el 2021 formo parte del equipo rectoral de la UPV, concretamente como Vicerrector de Planificaci\u00f3n, Estudios, Calidad y Acreditaci\u00f3n<\/div>\n<p>Me considero fundamentalmente un ingeniero que forma a ingenieros en el \u00e1mbito espec\u00edfico de la Organizaci\u00f3n Industrial. Comenc\u00e9 a dar clase muy temprano habiendo trabajado s\u00f3lo en 3 sitios diferentes antes de explicar Direcci\u00f3n de Operaciones. <span style=\"font-size: revert; color: initial;\">Y la direcci\u00f3n de operaciones incluye ciencia pero tambi\u00e9n experiencia.<\/span><\/p>\n<p>Para adquirir esa experiencia aprovech\u00e9 las facilidades que la UPV (mi universidad) nos daba para colaborar con el sector privado.<\/p>\n<p>Gracias a ello he dedicado<span style=\"font-size: inherit;\">\u00a0una parte muy importante de mi tiempo a <\/span><a style=\"font-size: inherit;\" href=\"https:\/\/jpgarcia.blogs.upv.es\/2016\/11\/21\/un-modelo-de-transferencia-que-utilizaba\/\">ayudar a resolver problemas de de ingenier\u00eda de organizaci\u00f3n<\/a><span style=\"font-size: inherit;\"> y con ellos generar casos con los que impartir mis clases o colocar a alumnos en las empresas. <\/span><\/p>\n<p><span style=\"font-size: inherit;\">He trabajado con empresas grandes como Ford, Mercadona, Faurecia, UBE,\u00a0 Schneider Electric, Grupo Segura, y tambi\u00e9n con muchas PYMEs&#8230;<\/span><\/p>\n<p><img decoding=\"async\" class=\"aligncenter\" src=\"https:\/\/jpgarcia.blogs.upv.es\/files\/2016\/11\/modelo-de-transferencia-del-rogle-1-300x170.png\" \/><\/p>\n<p>La transferencia de tecnolog\u00eda en mi grupo de investigaci\u00f3n la entendemos del siguiente modo:\u00a0<\/p>\n<ol>\n<li>Al entender los problemas de las organizaciones somos capaces de ayudarles.<\/li>\n<li>En muchas ocasiones las soluciones (necesariamente) r\u00e1pidas son sub\u00f3ptimas. De ah\u00ed\u00a0 salen retos que nos sirven de inspiraci\u00f3n para publicar papers ( aqu\u00ed puedes encontrar <a href=\"https:\/\/jpgarcia.webs.upv.es\/?page_id=890\">algunos de mis \u00faltimos trabajos)\u00a0<\/a><\/li>\n<li>Lo que aprendemos al hacer papers lo transmitimos a la docencia, a veces a trav\u00e9s de teor\u00eda, otras veces a trav\u00e9s de casos (los puedes encontrar en en el <a href=\"https:\/\/riunet.upv.es\/discover?query=garcia+sabater%2C+jose+pedro&amp;scope=\/&amp;filtertype=author&amp;filter_relational_operator=authority&amp;filter=2753\">repositorio abierto de la UPV<\/a>)<\/li>\n<\/ol>\n<\/div>\n<div><strong>DOCENCIA<\/strong><\/div>\n<div>La mayor parte de mi actividad docente la desarrollo en la <a href=\"http:\/\/www.etsii.upv.es\/\">Escuela T\u00e9cnica Superior de Ingenieros Industriales<\/a>, donde he sido subdirector de relaciones con empresa y\u00a0 director acad\u00e9mico de T\u00edtulo del Grado de Ingenier\u00eda de Organizaci\u00f3n Industrial.<\/div>\n<div>\u00a0<\/div>\n<div>\u00a0<\/div>\n<div><strong>INVESTIGACION<\/strong><\/div>\n<div>El \u00e1rea de actividad en el que desarrollo mi actividad, tanto la <a href=\"http:\/\/personales.upv.es\/jpgarcia\/Docencia.html#Topic2\">docente<\/a> e i<a href=\"http:\/\/personales.upv.es\/jpgarcia\/InvestigacinCompetitiva.html#Topic9\">nvestigadora,<\/a> es la de Direcci\u00f3n de Operaciones utilizando M\u00e9todos Matem\u00e1ticos, especialmente en el sector del autom\u00f3vil. En ella he publicado varios art\u00edculos en revistas internacionales, as\u00ed como un n\u00famero de participaciones en congresos. En este link encontrar\u00e1s las referencias de\u00a0<a href=\"https:\/\/jpgarcia.webs.upv.es\/?page_id=890\">algunos de mis \u00faltimos trabajos<\/a>.<\/div>\n<div>Soy miembro del Grupo de Investigaci\u00f3n ROGLE (Reingenier\u00eda, Organizaci\u00f3n y Gesti\u00f3n Log\u00edstica Empresarial) de la Universidad Polit\u00e9cnica de Valencia y durante los \u00faltimos 20\u00a0a\u00f1os he dedicado un importante esfuerzo al <a href=\"http:\/\/personales.upv.es\/jpgarcia\/SectordelAutomvil.html#Topic10\">Sector Industrial del Autom\u00f3vil,<\/a> en el que he participado en diferentes convenios y proyectos de investigaci\u00f3n competitivos tanto con empresas ensambladoras como con proveedores. (<a href=\"https:\/\/jpgarcia.webs.upv.es\/?page_id=2044\">Aqu\u00ed puedes encontrar una breve revisi\u00f3n (mi visi\u00f3n) de mi peque\u00f1a historia<\/a>).<\/div>\n<div>\u00a0<\/div>\n<div><strong>TRANSFERENCIA<\/strong><\/div>\n<div>Diferentes empresas del sector del autom\u00f3vil (y entre ellas Ford) utilizan, para su gesti\u00f3n de producci\u00f3n, metodolog\u00edas, procedimientos y software dise\u00f1ados y desarrollados por m\u00ed mismo (con la inestimable colaboraci\u00f3n del resto del equipo).<\/div>\n<div>Seguimos continuamente desarrollando nuevos sistemas para nuevas empresas y a alguna gran empresa de la Distribuci\u00f3n Comercial de productos alimentarios le hemos ayudado a redefinir los espacios necesarios para cada familia de productos, reduciendo en m\u00e1s de un 20% los requerimientos.<\/div>\n<div>Habiendo desarrollado actividad de I+D+i en en sectores como el metalmec\u00e1nico, alimentaci\u00f3n, mueble, montaje de aparatos el\u00e9ctricos, distribuci\u00f3n comercial, es especialmente relevante la l\u00ednea de investigaci\u00f3n que pretende aplicar las t\u00e9cnicas cl\u00e1sicas de Organizaci\u00f3n Industrial como herramientas facilitadoras de la <a href=\"http:\/\/personales.upv.es\/jpgarcia\/IntegracinLaboraldeDiscapacitados.html#Topic11\">Integraci\u00f3n Socio-Laboral de personas con discapacidad<\/a>.<\/div>\n<p>Y OTRAS COSAS M\u00c1S<\/p>\n<p>Soy (o he sido porque esto es intermitente) miembro de la de la Asociaci\u00f3n para el Desarrollo de la Ingenier\u00eda de Organizaci\u00f3n (ADINGOR) y del Colegio de Ingenieros Industriales de la Comunidad Valenciana (del que fui miembro de la Junta de Gobierno).<\/p>\n<p>Pero a lo que de verdad le dedico tiempo es a ser vicePresidente de la <a href=\"https:\/\/www.espurna.org\/\">Fundaci\u00f3n Espurna<\/a>.<\/p>\n<p><iframe loading=\"lazy\" title=\"La Integraci\u00f3n Laboral de la Persona con Discapacidad...: Jos\u00e9 Pedro Garc\u00eda at TEDxValencia\" width=\"500\" height=\"281\" src=\"https:\/\/www.youtube.com\/embed\/L3YpRePDRZQ?feature=oembed\" frameborder=\"0\" allow=\"accelerometer; autoplay; clipboard-write; encrypted-media; gyroscope; picture-in-picture; web-share\" referrerpolicy=\"strict-origin-when-cross-origin\" allowfullscreen><\/iframe><\/p>\n<p>He impartido docencia de M\u00e1ster al otro lado del Atl\u00e1ntico en muchas ocasiones. \u00daltimamente mucho online lo que ha permitido grabar las clases Creo que no est\u00e1 mal para representar c\u00f3mo pretendo que sean mis clases te\u00f3ricas. Otro d\u00eda hablaremos sobre las pr\u00e1cticas \ud83d\ude09<\/p>\n<p><iframe loading=\"lazy\" title=\"Conferencia Inaugural Internacional\" width=\"500\" height=\"281\" src=\"https:\/\/www.youtube.com\/embed\/9r0aL_B4sE8?feature=oembed\" frameborder=\"0\" allow=\"accelerometer; autoplay; clipboard-write; encrypted-media; gyroscope; picture-in-picture; web-share\" referrerpolicy=\"strict-origin-when-cross-origin\" allowfullscreen><\/iframe><\/p>\n\n\n<p>Y esto de la pandemia hace que te inviten a m\u00e1s eventos. As\u00ed que aprovech\u00e9 para grabar otra charla<\/p>\n\n\n\n<figure class=\"wp-block-embed is-type-video is-provider-youtube wp-block-embed-youtube wp-embed-aspect-4-3 wp-has-aspect-ratio\"><div class=\"wp-block-embed__wrapper\">\n<iframe loading=\"lazy\" title=\"Presentaci\u00f3n CUENCA Tension H\u00e1bitos y Herramientas\" width=\"500\" height=\"375\" src=\"https:\/\/www.youtube.com\/embed\/7wpit_9KZQg?feature=oembed\" frameborder=\"0\" allow=\"accelerometer; autoplay; clipboard-write; encrypted-media; gyroscope; picture-in-picture; web-share\" referrerpolicy=\"strict-origin-when-cross-origin\" allowfullscreen><\/iframe>\n<\/div><\/figure>\n","protected":false},"excerpt":{"rendered":"<div class=\"mh-excerpt\"><p>\u00a0 \u00a1Bienvenido!. Welcome!. Mi correo-e es jpgarcia#arroba#omp.upv.es An english written short bio might be found here .\u00a0Here\u00a0you&#8217;ll find some recent papers and at the left <a class=\"mh-excerpt-more\" href=\"https:\/\/jpgarcia.webs.upv.es\/\" title=\"Presentaci\u00f3n.\">[&#8230;]<\/a><\/p>\n<\/div>","protected":false},"author":25,"featured_media":0,"parent":0,"menu_order":0,"comment_status":"open","ping_status":"closed","template":"","meta":{"footnotes":""},"class_list":["post-4","page","type-page","status-publish","hentry"],"_links":{"self":[{"href":"https:\/\/jpgarcia.webs.upv.es\/index.php?rest_route=\/wp\/v2\/pages\/4","targetHints":{"allow":["GET"]}}],"collection":[{"href":"https:\/\/jpgarcia.webs.upv.es\/index.php?rest_route=\/wp\/v2\/pages"}],"about":[{"href":"https:\/\/jpgarcia.webs.upv.es\/index.php?rest_route=\/wp\/v2\/types\/page"}],"author":[{"embeddable":true,"href":"https:\/\/jpgarcia.webs.upv.es\/index.php?rest_route=\/wp\/v2\/users\/25"}],"replies":[{"embeddable":true,"href":"https:\/\/jpgarcia.webs.upv.es\/index.php?rest_route=%2Fwp%2Fv2%2Fcomments&post=4"}],"version-history":[{"count":44,"href":"https:\/\/jpgarcia.webs.upv.es\/index.php?rest_route=\/wp\/v2\/pages\/4\/revisions"}],"predecessor-version":[{"id":3482,"href":"https:\/\/jpgarcia.webs.upv.es\/index.php?rest_route=\/wp\/v2\/pages\/4\/revisions\/3482"}],"wp:attachment":[{"href":"https:\/\/jpgarcia.webs.upv.es\/index.php?rest_route=%2Fwp%2Fv2%2Fmedia&parent=4"}],"curies":[{"name":"wp","href":"https:\/\/api.w.org\/{rel}","templated":true}]}}