{"id":60,"date":"2012-02-14T15:41:28","date_gmt":"2012-02-14T14:41:28","guid":{"rendered":"http:\/\/jpgarcia.webs.upv.es\/?page_id=60"},"modified":"2015-10-05T10:42:42","modified_gmt":"2015-10-05T09:42:42","slug":"logistica-de-aprovisionamiento-y-distribucion-2","status":"publish","type":"page","link":"https:\/\/jpgarcia.webs.upv.es\/?page_id=60","title":{"rendered":"Log\u00edstica de Aprovisionamiento y Distribuci\u00f3n"},"content":{"rendered":"<p>La asignatura Log\u00edstica de Aprovisionamiento y Distribuci\u00f3n pertenece al Master Oficial IAPCS.<\/p>\n<p><strong>Descripci\u00f3n General de la Asignatura<\/strong><\/p>\n<p>La asignatura se imparte a alumnos del Master IAPLCS que ya han cursado el primer semestre y por tanto tienen un conocimiento de s\u00ed mismos y de la tem\u00e1tica del Master bastante avanzada.<\/p>\n<p>La asignatura no puede cubrir (con 4 ECTS) toda la tem\u00e1tica que le corresponder\u00eda con el t\u00edtulo de Log\u00edstica de Aprovisionamiento y Distribuci\u00f3n en este master. Adem\u00e1s debe cubrir huecos como por ejemplo \u00a0unidad de carga y la gesti\u00f3n de inventarios.<\/p>\n<p>Uno de los objetivos de la asignatura es que los alumnos utilicen herramientas que conocen de cursos y formaci\u00f3n previa como el uso de hojas de c\u00e1lculo (tanto para el an\u00e1lisis de datos como la programaci\u00f3n de las mismas) as\u00ed como herramientas de programaci\u00f3n matem\u00e1tica.<\/p>\n<p>Adem\u00e1s la asignatura debe permitir a cada alumno avanzar con m\u00e1s detalle en aquellos apartados de la misma que le resulten m\u00e1s de inter\u00e9s.<\/p>\n<p>La evaluaci\u00f3n de la asignatura se estructura en forma de evaluaci\u00f3n continua, incluyendo trabajos que se realizan en clase, que se defienden en clase o simplemente de desarrollo.<\/p>\n<p>La asignatura se puede seguir (o m\u00e1s bien la impresi\u00f3n que los alumnos tiene de la asignatura)\u00a0https:\/\/logisticamuialpcsupv.wordpress.com\/.<\/p>\n<p>La documentaci\u00f3n actualizada en forma de gu\u00eda docente se puede encontrar <strong><a href=\"http:\/\/www.upv.es\/pls\/oalu\/sic_asi.Busca_Asi?p_codi=32602&amp;p_caca=2015&amp;P_IDIOMA=c&amp;p_vista=\">AQU\u00cd<\/a><\/strong><\/p>\n<p>Algunos alumnos comienzan a desarrollar una wiki de la asignatura que puedes encontrar <strong><a href=\"http:\/\/www.doe.upv.es\/wiki\/index.php\/P%C3%A1gina_principal\">aqu\u00ed.<\/a><\/strong><\/p>\n<p>&nbsp;<\/p>\n","protected":false},"excerpt":{"rendered":"<div class=\"mh-excerpt\"><p>La asignatura Log\u00edstica de Aprovisionamiento y Distribuci\u00f3n pertenece al Master Oficial IAPCS. Descripci\u00f3n General de la Asignatura La asignatura se imparte a alumnos del Master <a class=\"mh-excerpt-more\" href=\"https:\/\/jpgarcia.webs.upv.es\/?page_id=60\" title=\"Log\u00edstica de Aprovisionamiento y Distribuci\u00f3n\">[&#8230;]<\/a><\/p>\n<\/div>","protected":false},"author":2,"featured_media":0,"parent":9,"menu_order":0,"comment_status":"open","ping_status":"closed","template":"","meta":{"footnotes":""},"class_list":["post-60","page","type-page","status-publish","hentry"],"_links":{"self":[{"href":"https:\/\/jpgarcia.webs.upv.es\/index.php?rest_route=\/wp\/v2\/pages\/60","targetHints":{"allow":["GET"]}}],"collection":[{"href":"https:\/\/jpgarcia.webs.upv.es\/index.php?rest_route=\/wp\/v2\/pages"}],"about":[{"href":"https:\/\/jpgarcia.webs.upv.es\/index.php?rest_route=\/wp\/v2\/types\/page"}],"author":[{"embeddable":true,"href":"https:\/\/jpgarcia.webs.upv.es\/index.php?rest_route=\/wp\/v2\/users\/2"}],"replies":[{"embeddable":true,"href":"https:\/\/jpgarcia.webs.upv.es\/index.php?rest_route=%2Fwp%2Fv2%2Fcomments&post=60"}],"version-history":[{"count":3,"href":"https:\/\/jpgarcia.webs.upv.es\/index.php?rest_route=\/wp\/v2\/pages\/60\/revisions"}],"predecessor-version":[{"id":2911,"href":"https:\/\/jpgarcia.webs.upv.es\/index.php?rest_route=\/wp\/v2\/pages\/60\/revisions\/2911"}],"up":[{"embeddable":true,"href":"https:\/\/jpgarcia.webs.upv.es\/index.php?rest_route=\/wp\/v2\/pages\/9"}],"wp:attachment":[{"href":"https:\/\/jpgarcia.webs.upv.es\/index.php?rest_route=%2Fwp%2Fv2%2Fmedia&parent=60"}],"curies":[{"name":"wp","href":"https:\/\/api.w.org\/{rel}","templated":true}]}}