{"id":62,"date":"2011-03-10T11:30:26","date_gmt":"2011-03-10T10:30:26","guid":{"rendered":"http:\/\/jpgarcia.webs.upv.es\/?page_id=62"},"modified":"2015-10-05T10:52:38","modified_gmt":"2015-10-05T09:52:38","slug":"metodos-cuantitativos-de-organizacion-industrial","status":"publish","type":"page","link":"https:\/\/jpgarcia.webs.upv.es\/?page_id=62","title":{"rendered":"M\u00e9todos Cuantitativos de Organizaci\u00f3n Industrial"},"content":{"rendered":"<p>Esta es una asignatura\u00a0de segundo curso del M\u00e1ster de Ingenier\u00eda Industrial\u00a0que pretendo sea eminentemente pr\u00e1ctica. As\u00ed que he tenido que reducir el temario hasta algo que pueda ser asumido por los alumnos.<\/p>\n<p>La idea fundamental es que el alumno aprenda a usar las herramientas m\u00e1s que a que las conozcan en profundidad. Y no intento que las conozca todas en general sino algunas en particular.<\/p>\n<p>Hemos seleccionado de entre todas las posibilidades las tres en las que los profesores tenemos m\u00e1s experiencia pr\u00e1ctica: teor\u00eda de colas, programaci\u00f3n matem\u00e1tica y optimizaci\u00f3n combinatoria. Tambi\u00e9n atacamos, por cuesti\u00f3n de principios, teor\u00eda de decisi\u00f3n (mono y multidecisor).<\/p>\n<p>La documentaci\u00f3n oficial de la asignatura se puede encontrar <strong><a href=\"http:\/\/www.upv.es\/pls\/oalu\/sic_asi.Busca_Asi?p_codi=33746&amp;p_caca=2015&amp;P_IDIOMA=c&amp;p_vista=\">aqu\u00ed.<\/a><\/strong><\/p>\n<p>Adem\u00e1s la asignatura est\u00e1 coordinada con la de &#8220;<a href=\"https:\/\/jpgarcia.webs.upv.es\/?page_id=2914\">Ampliaci\u00f3n de Direcci\u00f3n de Operaciones<\/a>&#8220;. Por ello comenzamos con Teor\u00eda de Colas para poder hablar sobre dimensionamiento y selecci\u00f3n de procesos.<\/p>\n<p>Luego seguimos con Modelado en Programaci\u00f3n Matem\u00e1tica donde se aprende m\u00e1s a modelar que a resolver. Y sobre todo se revisan los problemas cl\u00e1sicos para entenderlos en su contexto.<\/p>\n<p>De la Programaci\u00f3n Matem\u00e1tica a la Optimizaci\u00f3n Combinatoria hay un salto peque\u00f1o. Lo que m\u00e1s nos importa aqu\u00ed es que los alumnos sepan utilizar las macros de excel, con la excusa de que deben programar algoritmos de optimizaci\u00f3n.<\/p>\n<p>Los <a href=\"http:\/\/personales.upv.es\/jpgarcia\/LinkedDocuments\/ModeladoMatematico.pdf\">apuntes de Modelado en Programaci\u00f3n Matem\u00e1tica y Optimizaci\u00f3n Combinatoria<\/a> tienen un cierto \u00e9xito allende las fronteras de la Universidad. (Aunque est\u00e1n sin acabar, est\u00e1 cerca la versi\u00f3n definitiva). Y en ese momento venderemos el libro y se acabar\u00e1 la fiesta gratuita.<\/p>\n<p>Vamos mejorando tambi\u00e9n los apuntes de <a href=\"http:\/\/personales.upv.es\/jpgarcia\/LinkedDocuments\/Teoriadecolasdoc.pdf\">Teor\u00eda de Colas<\/a>.<\/p>\n<p>Dichos apuntes van dando lugar (o a la inversa) a una serie de transparencias.<\/p>\n<p>&nbsp;<\/p>\n<p>Como parte del material que se utiliza en el curso se pueden ver estos v\u00eddeos (En estos momentos hay 3).<\/p>\n<p>http:\/\/youtu.be\/qH61L86Rce4<\/p>\n<p>http:\/\/youtu.be\/eDt1XgUafAM<\/p>\n<p>http:\/\/youtu.be\/X4Qhd3b6dxQ<\/p>\n","protected":false},"excerpt":{"rendered":"<div class=\"mh-excerpt\"><p>Esta es una asignatura\u00a0de segundo curso del M\u00e1ster de Ingenier\u00eda Industrial\u00a0que pretendo sea eminentemente pr\u00e1ctica. As\u00ed que he tenido que reducir el temario hasta algo <a class=\"mh-excerpt-more\" href=\"https:\/\/jpgarcia.webs.upv.es\/?page_id=62\" title=\"M\u00e9todos Cuantitativos de Organizaci\u00f3n Industrial\">[&#8230;]<\/a><\/p>\n<\/div>","protected":false},"author":25,"featured_media":0,"parent":9,"menu_order":0,"comment_status":"open","ping_status":"closed","template":"","meta":{"footnotes":""},"class_list":["post-62","page","type-page","status-publish","hentry"],"_links":{"self":[{"href":"https:\/\/jpgarcia.webs.upv.es\/index.php?rest_route=\/wp\/v2\/pages\/62","targetHints":{"allow":["GET"]}}],"collection":[{"href":"https:\/\/jpgarcia.webs.upv.es\/index.php?rest_route=\/wp\/v2\/pages"}],"about":[{"href":"https:\/\/jpgarcia.webs.upv.es\/index.php?rest_route=\/wp\/v2\/types\/page"}],"author":[{"embeddable":true,"href":"https:\/\/jpgarcia.webs.upv.es\/index.php?rest_route=\/wp\/v2\/users\/25"}],"replies":[{"embeddable":true,"href":"https:\/\/jpgarcia.webs.upv.es\/index.php?rest_route=%2Fwp%2Fv2%2Fcomments&post=62"}],"version-history":[{"count":15,"href":"https:\/\/jpgarcia.webs.upv.es\/index.php?rest_route=\/wp\/v2\/pages\/62\/revisions"}],"predecessor-version":[{"id":2916,"href":"https:\/\/jpgarcia.webs.upv.es\/index.php?rest_route=\/wp\/v2\/pages\/62\/revisions\/2916"}],"up":[{"embeddable":true,"href":"https:\/\/jpgarcia.webs.upv.es\/index.php?rest_route=\/wp\/v2\/pages\/9"}],"wp:attachment":[{"href":"https:\/\/jpgarcia.webs.upv.es\/index.php?rest_route=%2Fwp%2Fv2%2Fmedia&parent=62"}],"curies":[{"name":"wp","href":"https:\/\/api.w.org\/{rel}","templated":true}]}}