{"id":631,"date":"2011-11-14T17:10:24","date_gmt":"2011-11-14T16:10:24","guid":{"rendered":"http:\/\/jpgarcia.webs.upv.es\/?page_id=631"},"modified":"2013-02-11T11:24:10","modified_gmt":"2013-02-11T10:24:10","slug":"yo-tambien-quiero-una-tesis-doctoral","status":"publish","type":"page","link":"https:\/\/jpgarcia.webs.upv.es\/?page_id=631","title":{"rendered":"Reflexiones personales sobre el desarrollo de una tesis doctoral."},"content":{"rendered":"<p>Una tesis doctoral es un largo proceso que cambia la vida de muchas personas. Puede parecer una afirmaci\u00f3n ampulosa pero no es incierta.<\/p>\n<p>Divorcios he conocido ligados a la excesiva (pero necesaria) implicaci\u00f3n que va asociada a hacer una buena investigaci\u00f3n.<\/p>\n<p>Investigar es estudiar en profundidad algo.<\/p>\n<p>Adem\u00e1s hacer la tesis doctoral es querer pertenecer a un club. <a href=\"http:\/\/jpgarcia.blogs.upv.es\/2009\/11\/21\/el-club-de-la-investigacion\/\">Y aqu\u00ed tienes algunas de las reglas de ese club.<\/a> Si tras leer las normas, sigues pensando que quieres pertencer al club, quiz\u00e1 esto te ayude.<\/p>\n<h2>El m\u00e9todo de Investigaci\u00f3n<\/h2>\n<p>Lo que distingue a una tesis (sea <a href=\"http:\/\/jpgarcia.blogs.upv.es\/2012\/12\/07\/la-investigacion-en-ingenieria-de-organizacion\/\">cient\u00edfica o ingenieril<\/a>) de cualquier otro tipo de trabajo es qeu tiene que hacer un aporte original al acervo cientifico o t\u00e9cnico. Y ese aporte tiene que ser escrito de un determinado modo muy particular. Pero lo escrito es s\u00f3lo la \u00faltima fase del trabajo realizado.<\/p>\n<p>Hay muchos y buenos manuales sobre el uso de herramientas de investigaci\u00f3n. Pero, si est\u00e1s en la fase de pensar en hacer una tesis doctoral, lo mejor es que primero te leas 10-20 papers. As\u00ed sabr\u00e1s a qu\u00e9 me refiero con el tema del m\u00e9todo.<\/p>\n<h2>Preguntas de Investigaci\u00f3n<\/h2>\n<p>En general una tesis responde preguntas de investigaci\u00f3n que deben ser formuladas con antelaci\u00f3n.<\/p>\n<p>Si la tesis es &#8220;ingenieril&#8221; generalmente la pregunta es \u00bfexiste alg\u00fan modo mejor de hacer &#8230;? y la respuesta (que debiera ser positiva) incluye, adem\u00e1s, el citado modo.<\/p>\n<p>Cada una de las preguntas es ampliable y muchas de ellas, dejan un mont\u00f3n de preguntas por responder una vez respondida la pregunta original. La redacci\u00f3n de la tesis es la respuesta a esas preguntas.<\/p>\n<p>El trabajo de responder las preguntas es un trabajo muy duro y dada la naturaleza del conocimiento puede ser infinito, pues cada pregunta conduce a una nueva pregunta. Es es el motivo por el cual es bueno tener una referencia externa que es el director.<\/p>\n<h2>El director<\/h2>\n<p>En el sistema actual (y en el pasado) el director se juega m\u00e1s que el doctorando en la defensa de una tesis. Una tesis mala no ser\u00e1 achacable a un mal alumno sino a un mal director. Una tesis mala suele derivar en una persona que abandona la carrera universitaria, y el que queda es el director. Al que todos recordar\u00e1n por aquella tesis.<\/p>\n<p>Por eso el director no tiene inter\u00e9s en que se defienda una tesis.<\/p>\n<p>El director no es la persona que debe hacer las preguntas de investigaci\u00f3n, su funci\u00f3n tendr\u00eda que ser detener el torrente de preguntas, que necesariamente surgen, proponiendo modos de dejarlas apartadas (pero enunciadas y argumentado el porqu\u00e9 se deja apartado).<\/p>\n<p>En definitiva la responsabilidad de tirar del carro nunca caer\u00e1 en el director sino en el doctorando. Siendo la funci\u00f3n del director frenar y cambiar el rumbo. No animar a acabar.<\/p>\n<h2>Los evaluadores externos<\/h2>\n<p>La figura del evaluador externo que evalua la tesis por escrito con su firma antes de que la tesis sea presentada es una figura nueva dentro de la universidad.<\/p>\n<p>Tres evaluadores elegidos de entre 6 con suficiente curriculum se leen la tesis y han de rellenar un extenso informe sobre la misma. Informe que posteriormente se lee una comisi\u00f3n en la universidad.<\/p>\n<p>Hace a\u00f1os este filtro no exist\u00eda, el director invitaba a sus amigos a la tesis y no hab\u00eda m\u00e1s compromiso que el que se produc\u00eda oralmente.<\/p>\n<p>Los miembros del tribunal le\u00edan la tesis casi con la cara del doctorando enfrente. As\u00ed que pod\u00edan ponerle ojos y nariz al autor del \u201cproducto\u201d. Ahora reciben un libro desde la universidad con dos nombres en la tapa. Uno que conocen y otro que no. Y evidentemente asociar\u00e1n el nombre que conocen con la calidad de lo escrito.<\/p>\n<p>Pero adem\u00e1s han de emitir el informe por escrito.<\/p>\n<p>Actualmente puede ocurrir que un revisor le parezca todo bien y los otros dos opinen de modo contrario. Y eso queda reflejado por escrito. Y en la universidad (como en el mundo exterior pero m\u00e1s) el prestigio es lo \u00fanico que tenemos (dado que no cobramos mucho). As\u00ed que el evaluador tiene que hacer su trabajo.<\/p>\n<p>Los evaluadores externos miran la tesis con dos prejuicios insalvables: seg\u00fan el respeto que les merece el director y seg\u00fan su propio conocimiento. Una tesis que no est\u00e9 cerrada conduce a un informe extenso donde el evaluador externo dice que las preguntas que faltan por responder son las que a \u00e9l le gustar\u00eda. Es evidente que esa es una situaci\u00f3n altamente indeseable puesto que obligar\u00eda a aprender nuevas t\u00e9cnicas y tener que hacer una tesis diferente.<\/p>\n<p>Es por ello, casi m\u00e1s que por respeto al sistema, que la tesis debe llegar acabada al revisor externo.<\/p>\n<h2>Los art\u00edculos cient\u00edficos y la tesis<\/h2>\n<p>Como he comentado en las condiciones actuales de la universidad espa\u00f1ola dirigir una tesis es m\u00e1s un problema que una actividad. En nuestra universidad por dirigir una tesis te rebajan tu carga lectiva 30 horas el primer a\u00f1o tras la lectura. Y ya est\u00e1. Como comprender\u00e1s nadie en su sano juicio debiera dirigir tesis si fuera por lo que le pagan.<\/p>\n<p>El \u00fanico motivo profesional (personales aparte) por el que alguien se mete en el \u201cberenjenal\u201d que supone dirigir una tesis es porque espera obtener un r\u00e9dito que s\u00f3lo puede ser obtenido al publicarse art\u00edculos en revistas de investigaci\u00f3n (no en congresos sino en revistas)<\/p>\n<p>La necesidad de que haya art\u00edculos radica no tanto en una necesidad curricular del director (que tambi\u00e9n) sino en la necesidad de hacer valorar nuestro trabajo por alguien ajeno a nosotros. Y que adem\u00e1s quede reconocido que nosotros hemos hecho este trabajo.<\/p>\n<p>Dichos art\u00edculos debieran estar acabados antes de la presentaci\u00f3n de la tesis, puesto que nos permitir\u00e1n comprobar (y sobre todo demostrar) que todo est\u00e1 atado y bien atado.<\/p>\n","protected":false},"excerpt":{"rendered":"<div class=\"mh-excerpt\"><p>Una tesis doctoral es un largo proceso que cambia la vida de muchas personas. Puede parecer una afirmaci\u00f3n ampulosa pero no es incierta. Divorcios he <a class=\"mh-excerpt-more\" href=\"https:\/\/jpgarcia.webs.upv.es\/?page_id=631\" title=\"Reflexiones personales sobre el desarrollo de una tesis doctoral.\">[&#8230;]<\/a><\/p>\n<\/div>","protected":false},"author":2,"featured_media":0,"parent":9,"menu_order":1,"comment_status":"open","ping_status":"closed","template":"","meta":{"footnotes":""},"class_list":["post-631","page","type-page","status-publish","hentry"],"_links":{"self":[{"href":"https:\/\/jpgarcia.webs.upv.es\/index.php?rest_route=\/wp\/v2\/pages\/631","targetHints":{"allow":["GET"]}}],"collection":[{"href":"https:\/\/jpgarcia.webs.upv.es\/index.php?rest_route=\/wp\/v2\/pages"}],"about":[{"href":"https:\/\/jpgarcia.webs.upv.es\/index.php?rest_route=\/wp\/v2\/types\/page"}],"author":[{"embeddable":true,"href":"https:\/\/jpgarcia.webs.upv.es\/index.php?rest_route=\/wp\/v2\/users\/2"}],"replies":[{"embeddable":true,"href":"https:\/\/jpgarcia.webs.upv.es\/index.php?rest_route=%2Fwp%2Fv2%2Fcomments&post=631"}],"version-history":[{"count":10,"href":"https:\/\/jpgarcia.webs.upv.es\/index.php?rest_route=\/wp\/v2\/pages\/631\/revisions"}],"predecessor-version":[{"id":1047,"href":"https:\/\/jpgarcia.webs.upv.es\/index.php?rest_route=\/wp\/v2\/pages\/631\/revisions\/1047"}],"up":[{"embeddable":true,"href":"https:\/\/jpgarcia.webs.upv.es\/index.php?rest_route=\/wp\/v2\/pages\/9"}],"wp:attachment":[{"href":"https:\/\/jpgarcia.webs.upv.es\/index.php?rest_route=%2Fwp%2Fv2%2Fmedia&parent=631"}],"curies":[{"name":"wp","href":"https:\/\/api.w.org\/{rel}","templated":true}]}}