{"id":9,"date":"2010-12-08T23:22:55","date_gmt":"2010-12-08T22:22:55","guid":{"rendered":"http:\/\/jpgarcia.webs.upv.es\/?page_id=9"},"modified":"2011-09-01T11:59:21","modified_gmt":"2011-09-01T10:59:21","slug":"docencia","status":"publish","type":"page","link":"https:\/\/jpgarcia.webs.upv.es\/?page_id=9","title":{"rendered":"Docencia"},"content":{"rendered":"<div>\n<div>La actividad docente es el centro de mi actividad profesional. A ella dedico la mayor parte de mi  esfuerzo y tanto los proyectos de investigaci\u00f3n competitiva como los de Desarrollo e Innovaci\u00f3n  tienen como objetivo fundamental mejorar ese aspecto fundamental.<\/div>\n<div>Actualmente imparto mi docencia de grado tanto en la ETSII de la UPV (Ingenier\u00eda Industrial e Ingenier\u00eda de Organizaci\u00f3n Industrial) como en la EUITM (Ingenier\u00eda T\u00e9cnica Mec\u00e1nica) en las instalaciones  de Ford.<\/div>\n<div>He impartido docencia de doctorado en diferentes programas. Actualmente soy profesor en el Master de Ingenier\u00eda Avanzada en Producci\u00f3n, Log\u00edstica y Cadena de Suministro (<a href=\"http:\/\/www.upv.es\/miw\/infoweb\/po\/mas\/23\/index2005c.html\">IAPLCS<\/a>), en el Master de Gesti\u00f3n de Empresas, Productos y Servicios. (<a href=\"http:\/\/www.upv.es\/entidades\/ADE\/infoweb\/fade\/info\/637617normalc.html\">GEPS<\/a>), y en el Master de Ingenier\u00eda de Mantemiento en la UPV. Adem\u00e1s imparto docencia en algunos otros M\u00e1steres promovidos por entidades privadas.<\/div>\n<div>Las asignaturas a las que he dedicado m\u00e1s tiempo a lo largo de mi vida tienen los siguientes t\u00edtulos y se puede acceder a ellas.<\/div>\n<ul>\n<li><a href=\"https:\/\/jpgarcia.webs.upv.es\/?page_id=62\">M\u00e9todos Cuantitativos de Organizaci\u00f3n Industrial.<\/a><\/li>\n<li><a href=\"https:\/\/jpgarcia.webs.upv.es\/?page_id=16\">Dise\u00f1o de Sistemas Productivos y Log\u00edsticos<\/a><\/li>\n<li><a href=\"https:\/\/jpgarcia.webs.upv.es\/?page_id=394\">Productive and Logistics Systems Design<\/a><\/li>\n<li>Manutenci\u00f3n y Almacenaje (Organizaci\u00f3n de Sistemas de Manutenci\u00f3n y Almacenaje)<\/li>\n<li>Control de Inventarios<\/li>\n<li>Log\u00edstica de Distribuci\u00f3n<\/li>\n<li>Logistics<\/li>\n<li>Programaci\u00f3n y Control de Producci\u00f3n<\/li>\n<\/ul>\n<div>He dirigido cerca de un centenar de Proyectos Fin de Carrera, lo que me ha permitido elaborar una <a href=\"https:\/\/jpgarcia.webs.upv.es\/?page_id=34\">gu\u00eda para ayudar al alumno en las primeras fases<\/a>.<\/div>\n<div>Asimismo organizo y doy clase en una cantidad importnte de cursos de especializaci\u00f3n para alumnos y profesionales.<\/div>\n<\/div>\n","protected":false},"excerpt":{"rendered":"<div class=\"mh-excerpt\"><p>La actividad docente es el centro de mi actividad profesional. A ella dedico la mayor parte de mi esfuerzo y tanto los proyectos de investigaci\u00f3n <a class=\"mh-excerpt-more\" href=\"https:\/\/jpgarcia.webs.upv.es\/?page_id=9\" title=\"Docencia\">[&#8230;]<\/a><\/p>\n<\/div>","protected":false},"author":25,"featured_media":0,"parent":0,"menu_order":0,"comment_status":"open","ping_status":"closed","template":"","meta":{"footnotes":""},"class_list":["post-9","page","type-page","status-publish","hentry"],"_links":{"self":[{"href":"https:\/\/jpgarcia.webs.upv.es\/index.php?rest_route=\/wp\/v2\/pages\/9","targetHints":{"allow":["GET"]}}],"collection":[{"href":"https:\/\/jpgarcia.webs.upv.es\/index.php?rest_route=\/wp\/v2\/pages"}],"about":[{"href":"https:\/\/jpgarcia.webs.upv.es\/index.php?rest_route=\/wp\/v2\/types\/page"}],"author":[{"embeddable":true,"href":"https:\/\/jpgarcia.webs.upv.es\/index.php?rest_route=\/wp\/v2\/users\/25"}],"replies":[{"embeddable":true,"href":"https:\/\/jpgarcia.webs.upv.es\/index.php?rest_route=%2Fwp%2Fv2%2Fcomments&post=9"}],"version-history":[{"count":6,"href":"https:\/\/jpgarcia.webs.upv.es\/index.php?rest_route=\/wp\/v2\/pages\/9\/revisions"}],"predecessor-version":[{"id":36,"href":"https:\/\/jpgarcia.webs.upv.es\/index.php?rest_route=\/wp\/v2\/pages\/9\/revisions\/36"}],"wp:attachment":[{"href":"https:\/\/jpgarcia.webs.upv.es\/index.php?rest_route=%2Fwp%2Fv2%2Fmedia&parent=9"}],"curies":[{"name":"wp","href":"https:\/\/api.w.org\/{rel}","templated":true}]}}